{"id":71,"date":"2020-03-25T15:13:18","date_gmt":"2020-03-25T14:13:18","guid":{"rendered":"https:\/\/achfundacja.org.pl\/?page_id=71"},"modified":"2021-01-05T19:05:17","modified_gmt":"2021-01-05T18:05:17","slug":"nasz-webex","status":"publish","type":"page","link":"https:\/\/achfundacja.org.pl\/?page_id=71","title":{"rendered":"Spotkania online na Webex"},"content":{"rendered":"\n<p><strong><font color=\"#B61E46\">Aktualizacja<\/font><\/strong>: Tadam, tadam! 28 marca 2020 r. o godzinie 9.54 ruszyli\u015bmy oficjalnie z zaj\u0119ciami online MATMA2020 dla maturzyst\u00f3w. <\/p>\n\n\n\n<p>Tak szybko, jak to b\u0119dzie mo\u017cliwe, uruchomimy platform\u0119 online z materia\u0142ami na \u017c\u0105danie dla maturzyst\u00f3w oraz \u00f3smoklasist\u00f3w. Wesprzyj nas: <strong><font color=\"#B61E46\">67 1140 2004 0000 3602 7961 3197<\/font><\/strong> <strong><font color=\"#B61E46\">Ach! Fundacja, mBank<\/font> <\/strong><\/p>\n\n\n\n<p>Interesuj\u0105 Ci\u0119 spotkania online? <a href=\"mailto:achfundacja@gmail.com\">Zg\u0142o\u015b si\u0119 do nas<\/a>.<\/p>\n","protected":false},"excerpt":{"rendered":"<p>Aktualizacja: Tadam, tadam! 28 marca 2020 r. o godzinie 9.54 ruszyli\u015bmy oficjalnie z zaj\u0119ciami online MATMA2020 dla maturzyst\u00f3w. Tak szybko, jak to b\u0119dzie mo\u017cliwe, uruchomimy platform\u0119 online z materia\u0142ami na \u017c\u0105danie dla maturzyst\u00f3w oraz \u00f3smoklasist\u00f3w. Wesprzyj nas: 67 1140 2004 0000 3602 7961 3197 Ach! Fundacja, mBank Interesuj\u0105 Ci\u0119 spotkania online? Zg\u0142o\u015b si\u0119 do nas.<\/p>\n","protected":false},"author":1,"featured_media":122,"parent":0,"menu_order":0,"comment_status":"closed","ping_status":"closed","template":"","meta":[],"yoast_head":"<!-- This site is optimized with the Yoast SEO plugin v15.6.2 - https:\/\/yoast.com\/wordpress\/plugins\/seo\/ -->\n<title>Spotkania online na Webex - fundacja Ach!<\/title>\n<meta name=\"description\" content=\"Warsztaty online: dla maturzyst\u00f3w i m\u0142odszych. Dla nauczycieli, edukator\u00f3w i trener\u00f3w webinary na temat narz\u0119dzi do pracy zdalnej. Praktycznie i efektywnie.\" \/>\n<meta name=\"robots\" content=\"index, follow, max-snippet:-1, max-image-preview:large, max-video-preview:-1\" \/>\n<link rel=\"canonical\" href=\"https:\/\/achfundacja.org.pl\/?page_id=71\" \/>\n<meta property=\"og:locale\" content=\"pl_PL\" \/>\n<meta property=\"og:type\" content=\"article\" \/>\n<meta property=\"og:title\" content=\"Spotkania online na Webex - fundacja Ach!\" \/>\n<meta property=\"og:description\" content=\"Warsztaty online: dla maturzyst\u00f3w i m\u0142odszych. Dla nauczycieli, edukator\u00f3w i trener\u00f3w webinary na temat narz\u0119dzi do pracy zdalnej. Praktycznie i efektywnie.\" \/>\n<meta property=\"og:url\" content=\"https:\/\/achfundacja.org.pl\/?page_id=71\" \/>\n<meta property=\"og:site_name\" content=\"fundacja Ach!\" \/>\n<meta property=\"article:modified_time\" content=\"2021-01-05T18:05:17+00:00\" \/>\n<meta property=\"og:image\" content=\"https:\/\/achfundacja.org.pl\/wp-content\/uploads\/2020\/03\/lekcja_z_kawa.jpg\" \/>\n\t<meta property=\"og:image:width\" content=\"500\" \/>\n\t<meta property=\"og:image:height\" content=\"249\" \/>\n<meta name=\"twitter:card\" content=\"summary_large_image\" \/>\n<script type=\"application\/ld+json\" class=\"yoast-schema-graph\">{\"@context\":\"https:\/\/schema.org\",\"@graph\":[{\"@type\":\"WebSite\",\"@id\":\"https:\/\/achfundacja.org.pl\/#website\",\"url\":\"https:\/\/achfundacja.org.pl\/\",\"name\":\"fundacja Ach!\",\"description\":\"u\\u017cywaj wiedzy, \\u017cyj dobrze\",\"potentialAction\":[{\"@type\":\"SearchAction\",\"target\":\"https:\/\/achfundacja.org.pl\/?s={search_term_string}\",\"query-input\":\"required name=search_term_string\"}],\"inLanguage\":\"pl-PL\"},{\"@type\":\"ImageObject\",\"@id\":\"https:\/\/achfundacja.org.pl\/?page_id=71#primaryimage\",\"inLanguage\":\"pl-PL\",\"url\":\"https:\/\/achfundacja.org.pl\/wp-content\/uploads\/2020\/03\/lekcja_z_kawa.jpg\",\"width\":500,\"height\":249},{\"@type\":\"WebPage\",\"@id\":\"https:\/\/achfundacja.org.pl\/?page_id=71#webpage\",\"url\":\"https:\/\/achfundacja.org.pl\/?page_id=71\",\"name\":\"Spotkania online na Webex - fundacja Ach!\",\"isPartOf\":{\"@id\":\"https:\/\/achfundacja.org.pl\/#website\"},\"primaryImageOfPage\":{\"@id\":\"https:\/\/achfundacja.org.pl\/?page_id=71#primaryimage\"},\"datePublished\":\"2020-03-25T14:13:18+00:00\",\"dateModified\":\"2021-01-05T18:05:17+00:00\",\"description\":\"Warsztaty online: dla maturzyst\\u00f3w i m\\u0142odszych. Dla nauczycieli, edukator\\u00f3w i trener\\u00f3w webinary na temat narz\\u0119dzi do pracy zdalnej. Praktycznie i efektywnie.\",\"inLanguage\":\"pl-PL\",\"potentialAction\":[{\"@type\":\"ReadAction\",\"target\":[\"https:\/\/achfundacja.org.pl\/?page_id=71\"]}]}]}<\/script>\n<!-- \/ Yoast SEO plugin. -->","_links":{"self":[{"href":"https:\/\/achfundacja.org.pl\/index.php?rest_route=\/wp\/v2\/pages\/71"}],"collection":[{"href":"https:\/\/achfundacja.org.pl\/index.php?rest_route=\/wp\/v2\/pages"}],"about":[{"href":"https:\/\/achfundacja.org.pl\/index.php?rest_route=\/wp\/v2\/types\/page"}],"author":[{"embeddable":true,"href":"https:\/\/achfundacja.org.pl\/index.php?rest_route=\/wp\/v2\/users\/1"}],"replies":[{"embeddable":true,"href":"https:\/\/achfundacja.org.pl\/index.php?rest_route=%2Fwp%2Fv2%2Fcomments&post=71"}],"version-history":[{"count":11,"href":"https:\/\/achfundacja.org.pl\/index.php?rest_route=\/wp\/v2\/pages\/71\/revisions"}],"predecessor-version":[{"id":336,"href":"https:\/\/achfundacja.org.pl\/index.php?rest_route=\/wp\/v2\/pages\/71\/revisions\/336"}],"wp:featuredmedia":[{"embeddable":true,"href":"https:\/\/achfundacja.org.pl\/index.php?rest_route=\/wp\/v2\/media\/122"}],"wp:attachment":[{"href":"https:\/\/achfundacja.org.pl\/index.php?rest_route=%2Fwp%2Fv2%2Fmedia&parent=71"}],"curies":[{"name":"wp","href":"https:\/\/api.w.org\/{rel}","templated":true}]}}