{"id":3,"date":"2020-03-20T20:33:16","date_gmt":"2020-03-20T19:33:16","guid":{"rendered":"https:\/\/achfundacja.org.pl\/?page_id=3"},"modified":"2020-04-06T14:48:16","modified_gmt":"2020-04-06T12:48:16","slug":"polityka-prywatnosci","status":"publish","type":"page","link":"https:\/\/achfundacja.org.pl\/?page_id=3","title":{"rendered":"Polityka prywatno\u015bci"},"content":{"rendered":"\n<h2>Kim jeste\u015bmy<\/h2>\n\n\n\n<p>Adres naszej strony internetowej to: https:\/\/achfundacja.org.pl.<\/p>\n\n\n\n<p>Jeste\u015bmy organizacj\u0105 non-profit, kt\u00f3rej g\u0142\u00f3wnym celem jest promowanie wiedzy i u\u0142atwianie stosowania jej w praktyce. <\/p>\n\n\n\n<div class=\"wp-block-file\"><a href=\"https:\/\/achfundacja.org.pl\/wp-content\/uploads\/2020\/03\/ACH_Statut-Fundacji_do-KRS.pdf\">ACH Fundacja: Statut <\/a><a href=\"https:\/\/achfundacja.org.pl\/wp-content\/uploads\/2020\/03\/ACH_Statut-Fundacji_do-KRS.pdf\" class=\"wp-block-file__button\" download>Pobierz<\/a><\/div>\n\n\n\n<h2>Jakie dane osobiste zbieramy i dlaczego je zbieramy oraz jak je przetwarzamy<\/h2>\n\n\n\n<p>Zbieramy dane niezb\u0119dne do utrzymania kontaktu z naszymi darczy\u0144cami oraz beneficjentami w celu realizowania naszych statutowych dzia\u0142a\u0144.<\/p>\n\n\n\n<p>S\u0105 to:<\/p>\n\n\n\n<ul><li>adresy e-mail. Zach\u0119camy, by nie zawiera\u0142y imienia i nazwiska <\/li><li>imiona i nazwiska oraz adresy darczy\u0144c\u00f3w<\/li><li>imiona i nazwiska beneficjent\u00f3w.<\/li><\/ul>\n\n\n\n<p>Dane przetwarzamy r\u0119cznie lub ze wspomaganiem prostych program\u00f3w.<\/p>\n\n\n\n<h3>Osadzone tre\u015bci z innych witryn<\/h3>\n\n\n\n<p>Artyku\u0142y na tej witrynie mog\u0105 zawiera\u0107 osadzone tre\u015bci (np. filmy, obrazki, artyku\u0142y itp.). Osadzone tre\u015bci z innych witryn zachowuj\u0105 si\u0119 analogicznie do tego, jakby u\u017cytkownik odwiedzi\u0142 bezpo\u015brednio konkretn\u0105 witryn\u0119.<\/p>\n\n\n\n<p>Witryny mog\u0105 zbiera\u0107 informacje o Tobie, u\u017cywa\u0107 ciasteczek, do\u0142\u0105cza\u0107 dodatkowe, zewn\u0119trzne systemy \u015bledzenia i monitorowa\u0107 twoje interakcje z osadzonym materia\u0142em, w\u0142\u0105czaj\u0105c w to \u015bledzenie twoich interakcji z osadzonym materia\u0142em je\u015bli posiadasz konto i jeste\u015b zalogowany w tamtej witrynie.<\/p>\n\n\n\n<h2>Z kim dzielimy si\u0119 danymi<\/h2>\n\n\n\n<p>ACH! Fundacja nie udost\u0119pnia powierzonych danych innym administratorom danych z wyj\u0105tkiem podmiotu \u015bwiadcz\u0105cego us\u0142ugi ksi\u0119gowe, tylko w zakresie jego obowi\u0105zk\u00f3w regulowanych prawem.<\/p>\n\n\n\n<h2>Jak d\u0142ugo przechowujemy Twoje dane<\/h2>\n\n\n\n<p>Dane przechowujemy tak d\u0142ugo, jak wyra\u017casz zgod\u0119 na utrzymywanie z nami kontaktu lub korzystasz z naszych zasob\u00f3w (np. kursy online). Po cofni\u0119ciu zgody lub zaprzestaniu korzystania, przechowujemy je tylko i wy\u0142\u0105cznie zgodnie z obowiazuj\u0105cym nas prawem (na przyk\u0142ad do cel\u00f3w sprawozdawczo\u015bci finansowej).<\/p>\n\n\n\n<h2>Jakie masz prawa do swoich danych<\/h2>\n\n\n\n<p>W ka\u017cdej chwili mo\u017cesz zaktualizowa\u0107 swoje dane, swoje zgody dotycz\u0105ce naszych kontakt\u00f3w. Mo\u017cesz r\u00f3wnie\u017c za\u017c\u0105da\u0107 usuni\u0119cia przez nas Twoich danych. Ka\u017cde z tych zlece\u0144 zrealizujemy w zgodzie z obowi\u0105zuj\u0105cymi nas przepisami prawa.<\/p>\n\n\n\n<h2>Informacje dodatkowe<\/h2>\n\n\n\n<p>Wszelkie niezb\u0119dne pytania dotycz\u0105ce naszej polityki prosimy kierowa\u0107 do naszego Inspektora Danych Osobowych: mec. Katarzyny Fulko. <a href=\"mailto:katarzynafulko.achfundacja@gmail.com\">Napisz mail&#8230;<\/a><\/p>\n","protected":false},"excerpt":{"rendered":"<p>Kim jeste\u015bmy Adres naszej strony internetowej to: https:\/\/achfundacja.org.pl. Jeste\u015bmy organizacj\u0105 non-profit, kt\u00f3rej g\u0142\u00f3wnym celem jest promowanie wiedzy i u\u0142atwianie stosowania jej w praktyce. Jakie dane osobiste zbieramy i dlaczego je zbieramy oraz jak je przetwarzamy Zbieramy dane niezb\u0119dne do utrzymania kontaktu z naszymi darczy\u0144cami oraz beneficjentami w celu realizowania naszych statutowych dzia\u0142a\u0144. S\u0105 to: adresy [&hellip;]<\/p>\n","protected":false},"author":1,"featured_media":0,"parent":0,"menu_order":0,"comment_status":"closed","ping_status":"open","template":"","meta":[],"yoast_head":"<!-- This site is optimized with the Yoast SEO plugin v15.6.2 - https:\/\/yoast.com\/wordpress\/plugins\/seo\/ -->\n<title>Polityka prywatno\u015bci - fundacja Ach!<\/title>\n<meta name=\"robots\" content=\"index, follow, max-snippet:-1, max-image-preview:large, max-video-preview:-1\" \/>\n<link rel=\"canonical\" href=\"https:\/\/achfundacja.org.pl\/?page_id=3\" \/>\n<meta property=\"og:locale\" content=\"pl_PL\" \/>\n<meta property=\"og:type\" content=\"article\" \/>\n<meta property=\"og:title\" content=\"Polityka prywatno\u015bci - fundacja Ach!\" \/>\n<meta property=\"og:description\" content=\"Kim jeste\u015bmy Adres naszej strony internetowej to: https:\/\/achfundacja.org.pl. Jeste\u015bmy organizacj\u0105 non-profit, kt\u00f3rej g\u0142\u00f3wnym celem jest promowanie wiedzy i u\u0142atwianie stosowania jej w praktyce. Jakie dane osobiste zbieramy i dlaczego je zbieramy oraz jak je przetwarzamy Zbieramy dane niezb\u0119dne do utrzymania kontaktu z naszymi darczy\u0144cami oraz beneficjentami w celu realizowania naszych statutowych dzia\u0142a\u0144. S\u0105 to: adresy [&hellip;]\" \/>\n<meta property=\"og:url\" content=\"https:\/\/achfundacja.org.pl\/?page_id=3\" \/>\n<meta property=\"og:site_name\" content=\"fundacja Ach!\" \/>\n<meta property=\"article:modified_time\" content=\"2020-04-06T12:48:16+00:00\" \/>\n<meta name=\"twitter:card\" content=\"summary_large_image\" \/>\n<meta name=\"twitter:label1\" content=\"Est. reading time\">\n\t<meta name=\"twitter:data1\" content=\"2 minuty\">\n<script type=\"application\/ld+json\" class=\"yoast-schema-graph\">{\"@context\":\"https:\/\/schema.org\",\"@graph\":[{\"@type\":\"WebSite\",\"@id\":\"https:\/\/achfundacja.org.pl\/#website\",\"url\":\"https:\/\/achfundacja.org.pl\/\",\"name\":\"fundacja Ach!\",\"description\":\"u\\u017cywaj wiedzy, \\u017cyj dobrze\",\"potentialAction\":[{\"@type\":\"SearchAction\",\"target\":\"https:\/\/achfundacja.org.pl\/?s={search_term_string}\",\"query-input\":\"required name=search_term_string\"}],\"inLanguage\":\"pl-PL\"},{\"@type\":\"WebPage\",\"@id\":\"https:\/\/achfundacja.org.pl\/?page_id=3#webpage\",\"url\":\"https:\/\/achfundacja.org.pl\/?page_id=3\",\"name\":\"Polityka prywatno\\u015bci - fundacja Ach!\",\"isPartOf\":{\"@id\":\"https:\/\/achfundacja.org.pl\/#website\"},\"datePublished\":\"2020-03-20T19:33:16+00:00\",\"dateModified\":\"2020-04-06T12:48:16+00:00\",\"inLanguage\":\"pl-PL\",\"potentialAction\":[{\"@type\":\"ReadAction\",\"target\":[\"https:\/\/achfundacja.org.pl\/?page_id=3\"]}]}]}<\/script>\n<!-- \/ Yoast SEO plugin. -->","_links":{"self":[{"href":"https:\/\/achfundacja.org.pl\/index.php?rest_route=\/wp\/v2\/pages\/3"}],"collection":[{"href":"https:\/\/achfundacja.org.pl\/index.php?rest_route=\/wp\/v2\/pages"}],"about":[{"href":"https:\/\/achfundacja.org.pl\/index.php?rest_route=\/wp\/v2\/types\/page"}],"author":[{"embeddable":true,"href":"https:\/\/achfundacja.org.pl\/index.php?rest_route=\/wp\/v2\/users\/1"}],"replies":[{"embeddable":true,"href":"https:\/\/achfundacja.org.pl\/index.php?rest_route=%2Fwp%2Fv2%2Fcomments&post=3"}],"version-history":[{"count":5,"href":"https:\/\/achfundacja.org.pl\/index.php?rest_route=\/wp\/v2\/pages\/3\/revisions"}],"predecessor-version":[{"id":250,"href":"https:\/\/achfundacja.org.pl\/index.php?rest_route=\/wp\/v2\/pages\/3\/revisions\/250"}],"wp:attachment":[{"href":"https:\/\/achfundacja.org.pl\/index.php?rest_route=%2Fwp%2Fv2%2Fmedia&parent=3"}],"curies":[{"name":"wp","href":"https:\/\/api.w.org\/{rel}","templated":true}]}}