{"id":14,"date":"2020-03-20T22:28:45","date_gmt":"2020-03-20T21:28:45","guid":{"rendered":"https:\/\/achfundacja.org.pl\/?page_id=14"},"modified":"2022-04-14T18:20:16","modified_gmt":"2022-04-14T16:20:16","slug":"fundacja-ach-nowoczesna-edukacja-dobrostan","status":"publish","type":"page","link":"https:\/\/achfundacja.org.pl\/","title":{"rendered":"Fundacja ACH!  U\u017cywaj wiedzy, \u017cyj dobrze"},"content":{"rendered":"\n<p><\/p>\n\n\n\n<figure class=\"wp-block-image size-large\"><img loading=\"lazy\" width=\"960\" height=\"640\" src=\"https:\/\/achfundacja.org.pl\/wp-content\/uploads\/2020\/11\/pexels-pixabay-235621.jpg\" alt=\"\" class=\"wp-image-331\" srcset=\"https:\/\/achfundacja.org.pl\/wp-content\/uploads\/2020\/11\/pexels-pixabay-235621.jpg 960w, https:\/\/achfundacja.org.pl\/wp-content\/uploads\/2020\/11\/pexels-pixabay-235621-300x200.jpg 300w, https:\/\/achfundacja.org.pl\/wp-content\/uploads\/2020\/11\/pexels-pixabay-235621-768x512.jpg 768w, https:\/\/achfundacja.org.pl\/wp-content\/uploads\/2020\/11\/pexels-pixabay-235621-430x287.jpg 430w\" sizes=\"(max-width: 960px) 100vw, 960px\" \/><\/figure>\n\n\n\n<div class=\"wp-block-group alignwide\"><div class=\"wp-block-group__inner-container\">\n<h2 class=\"has-text-align-center\">Najwa\u017cniejsze jest ci\u0105g\u0142e karmienie ciekawo\u015bci, nagradzanie dociekliwo\u015bci: uczenie si\u0119 zgodne z tym, jak naturalnie lubimy to robi\u0107.<\/h2>\n<\/div><\/div>\n\n\n\n<div class=\"wp-block-columns alignwide\">\n<div class=\"wp-block-column\">\n<div class=\"wp-block-group\"><div class=\"wp-block-group__inner-container\">\n<figure class=\"wp-block-image alignfull size-full\"><img src=\"https:\/\/achfundacja.org.pl\/wp-content\/themes\/twentytwenty\/assets\/images\/2020-three-quarters-1.png\" alt=\"\" class=\"wp-image-37\"\/><\/figure>\n\n\n\n<div class=\"wp-block-button is-style-outline\"><a class=\"wp-block-button__link\" href=\"https:\/\/achfundacja.org.pl\/?page_id=71\">Czytaj wi\u0119cej<\/a><\/div>\n<\/div><\/div>\n\n\n\n<div class=\"wp-block-group\"><div class=\"wp-block-group__inner-container\">\n<figure class=\"wp-block-image alignfull size-full\"><img src=\"https:\/\/achfundacja.org.pl\/wp-content\/themes\/twentytwenty\/assets\/images\/2020-three-quarters-3.png\" alt=\"\" class=\"wp-image-37\"\/><\/figure>\n\n\n\n<h3>Nasze dzia\u0142ania<\/h3>\n\n\n\n<p><\/p>\n\n\n\n<div class=\"wp-block-button is-style-outline\"><a class=\"wp-block-button__link\" href=\"https:\/\/achfundacja.org.pl\/?p=81\">Czytaj wi\u0119cej<\/a><\/div>\n<\/div><\/div>\n<\/div>\n\n\n\n<div class=\"wp-block-column\">\n<div class=\"wp-block-group\"><div class=\"wp-block-group__inner-container\">\n<figure class=\"wp-block-image alignfull size-full\"><img src=\"https:\/\/achfundacja.org.pl\/wp-content\/themes\/twentytwenty\/assets\/images\/2020-three-quarters-2.png\" alt=\"\" class=\"wp-image-37\"\/><\/figure>\n\n\n\n<h3>Matma dla Ciebie<\/h3>\n\n\n\n<p>Marzec-Kwiecie\u0144 2020<\/p>\n\n\n\n<div class=\"wp-block-button is-style-outline\"><a class=\"wp-block-button__link has-background-background-color has-text-color has-background\" href=\"https:\/\/achfundacja.org.pl\/?page_id=71\" style=\"color:#cd2653\">Czytaj wi\u0119cej<\/a><\/div>\n<\/div><\/div>\n\n\n\n<div class=\"wp-block-group\"><div class=\"wp-block-group__inner-container\">\n<figure class=\"wp-block-image alignfull size-full\"><img src=\"https:\/\/achfundacja.org.pl\/wp-content\/themes\/twentytwenty\/assets\/images\/2020-three-quarters-4.png\" alt=\"\" class=\"wp-image-37\"\/><\/figure>\n\n\n\n<h3>Do\u0142\u0105cz &#8211; wspieraj!<\/h3>\n\n\n\n<p><\/p>\n\n\n\n<div class=\"wp-block-button is-style-outline\"><a class=\"wp-block-button__link\" href=\"https:\/\/achfundacja.org.pl\/?page_id=16\">Czytaj wi\u0119cej<\/a><\/div>\n<\/div><\/div>\n<\/div>\n<\/div>\n\n\n\n<figure class=\"wp-block-image alignfull size-full\"><img src=\"https:\/\/achfundacja.org.pl\/wp-content\/themes\/twentytwenty\/assets\/images\/2020-landscape-2.png\" alt=\"\" class=\"wp-image-37\"\/><\/figure>\n\n\n\n<div class=\"wp-block-group alignwide\"><div class=\"wp-block-group__inner-container\">\n<h2 class=\"has-text-align-center has-accent-color has-text-color\">\u201eWyobra\u017ania jest wa\u017cniejsza od wiedzy.\u201d A. Einstein &#8211; Tak, i trzeba j\u0105 karmi\u0107 &#8211; Ach!<\/h2>\n<\/div><\/div>\n\n\n\n<p class=\"has-drop-cap\">Zaczynamy od tego, \u017ce wierzymy, \u017ce wyobra\u017ania jest wa\u017cniejsza od wiedzy. Nasze do\u015bwiadczenie pomaga nam tak\u017ce zrozumie\u0107, \u017ce wyobra\u017ani\u0119 trzeba karmi\u0107. Ogrzewa\u0107 j\u0105 u\u017cyteczn\u0105 wiedz\u0105. Wiedz\u0105 po\u0142\u0105czon\u0105 z do\u015bwiadczeniem, z u\u017cywaniem tego, czego si\u0119 uczymy na bie\u017c\u0105co.<\/p>\n\n\n\n<p>Nasze zaj\u0119cia &#8211; na \u017cywo i online &#8211; s\u0105 prowadzone przez pasjonat\u00f3w przedmiot\u00f3w. Jednocze\u015bnie s\u0105 to osoby, kt\u00f3re na co dzie\u0144 pracuj\u0105 w ma\u0142ych i du\u017cych firmach. Tworz\u0105 i wspieraj\u0105 sztuk\u0119. Tworz\u0105 prawo. <\/p>\n\n\n\n<p><\/p>\n\n\n\n<div class=\"wp-block-group alignwide has-background\" style=\"background-color:#ffffff\"><div class=\"wp-block-group__inner-container\">\n<div class=\"wp-block-group\"><div class=\"wp-block-group__inner-container\">\n<h2 class=\"has-text-align-center\">Do\u0142\u0105cz: we\u017a rzeteln\u0105 wiedz\u0119 &#8211; wesprzyj nasze dzia\u0142ania!<\/h2>\n\n\n\n<p class=\"has-text-align-center\">Zach\u0119camy do kontaktu i skorzystania z naszych dzia\u0142a\u0144.<\/p>\n\n\n\n<div class=\"wp-block-button aligncenter\"><a class=\"wp-block-button__link has-accent-background-color has-background\" href=\"https:\/\/achfundacja.org.pl\/?page_id=16\">Do\u0142\u0105cz i wspieraj<\/a><\/div>\n<\/div><\/div>\n<\/div><\/div>\n\n\n\n<figure class=\"wp-block-gallery alignwide columns-2 is-cropped\"><ul class=\"blocks-gallery-grid\"><li class=\"blocks-gallery-item\"><figure><img src=\"https:\/\/achfundacja.org.pl\/wp-content\/themes\/twentytwenty\/assets\/images\/2020-square-2.png\" alt=\"\" data-id=\"39\" data-full-url=\"https:\/\/achfundacja.org.pl\/wp-content\/themes\/twentytwenty\/assets\/images\/2020-square-2.png\" data-link=\"assets\/images\/2020-square-2\/\" class=\"wp-image-39\"\/><\/figure><\/li><li class=\"blocks-gallery-item\"><figure><img src=\"https:\/\/achfundacja.org.pl\/wp-content\/themes\/twentytwenty\/assets\/images\/2020-square-1.png\" alt=\"\" data-id=\"38\" data-full-url=\"https:\/\/achfundacja.org.pl\/wp-content\/themes\/twentytwenty\/assets\/images\/2020-square-1.png\" data-link=\"https:\/\/achfundacja.org.pl\/wp-content\/themes\/twentytwenty\/assets\/images\/2020-square-1\/\" class=\"wp-image-38\"\/><\/figure><\/li><\/ul><\/figure>\n","protected":false},"excerpt":{"rendered":"<p>Zaczynamy od tego, \u017ce wierzymy, \u017ce wyobra\u017ania jest wa\u017cniejsza od wiedzy. Nasze do\u015bwiadczenie pomaga nam tak\u017ce zrozumie\u0107, \u017ce wyobra\u017ani\u0119 trzeba karmi\u0107. Ogrzewa\u0107 j\u0105 u\u017cyteczn\u0105 wiedz\u0105. Wiedz\u0105 po\u0142\u0105czon\u0105 z do\u015bwiadczeniem, z u\u017cywaniem tego, czego si\u0119 uczymy na bie\u017c\u0105co. Nasze zaj\u0119cia &#8211; na \u017cywo i online &#8211; s\u0105 prowadzone przez pasjonat\u00f3w przedmiot\u00f3w. Jednocze\u015bnie s\u0105 to osoby, kt\u00f3re [&hellip;]<\/p>\n","protected":false},"author":1,"featured_media":13,"parent":0,"menu_order":0,"comment_status":"closed","ping_status":"closed","template":"","meta":[],"yoast_head":"<!-- This site is optimized with the Yoast SEO plugin v15.6.2 - https:\/\/yoast.com\/wordpress\/plugins\/seo\/ -->\n<title>Fundacja ACH! U\u017cywaj wiedzy, \u017cyj dobrze - fundacja Ach!<\/title>\n<meta name=\"description\" content=\"Fundacja Ach! u\u017cywaj wiedzy i \u017cyj lepiej. Zale\u017cy nam na podnoszeniu dobrostanu i polepszaniu \u017cycia Polak\u00f3w w przestrzeni wsp\u00f3lnej.\" \/>\n<meta name=\"robots\" content=\"index, follow, max-snippet:-1, max-image-preview:large, max-video-preview:-1\" \/>\n<link rel=\"canonical\" href=\"https:\/\/achfundacja.org.pl\/\" \/>\n<meta property=\"og:locale\" content=\"pl_PL\" \/>\n<meta property=\"og:type\" content=\"article\" \/>\n<meta property=\"og:title\" content=\"Fundacja ACH! U\u017cywaj wiedzy, \u017cyj dobrze - fundacja Ach!\" \/>\n<meta property=\"og:description\" content=\"Fundacja Ach! u\u017cywaj wiedzy i \u017cyj lepiej. Zale\u017cy nam na podnoszeniu dobrostanu i polepszaniu \u017cycia Polak\u00f3w w przestrzeni wsp\u00f3lnej.\" \/>\n<meta property=\"og:url\" content=\"https:\/\/achfundacja.org.pl\/\" \/>\n<meta property=\"og:site_name\" content=\"fundacja Ach!\" \/>\n<meta property=\"article:modified_time\" content=\"2022-04-14T16:20:16+00:00\" \/>\n<meta property=\"og:image\" content=\"https:\/\/achfundacja.org.pl\/wp-content\/uploads\/2020\/03\/2020-landscape-1-1.png\" \/>\n\t<meta property=\"og:image:width\" content=\"1200\" \/>\n\t<meta property=\"og:image:height\" content=\"769\" \/>\n<meta name=\"twitter:card\" content=\"summary_large_image\" \/>\n<meta name=\"twitter:label1\" content=\"Est. reading time\">\n\t<meta name=\"twitter:data1\" content=\"3 minuty\">\n<script type=\"application\/ld+json\" class=\"yoast-schema-graph\">{\"@context\":\"https:\/\/schema.org\",\"@graph\":[{\"@type\":\"WebSite\",\"@id\":\"https:\/\/achfundacja.org.pl\/#website\",\"url\":\"https:\/\/achfundacja.org.pl\/\",\"name\":\"fundacja Ach!\",\"description\":\"u\\u017cywaj wiedzy, \\u017cyj dobrze\",\"potentialAction\":[{\"@type\":\"SearchAction\",\"target\":\"https:\/\/achfundacja.org.pl\/?s={search_term_string}\",\"query-input\":\"required name=search_term_string\"}],\"inLanguage\":\"pl-PL\"},{\"@type\":\"ImageObject\",\"@id\":\"https:\/\/achfundacja.org.pl\/#primaryimage\",\"inLanguage\":\"pl-PL\",\"url\":\"https:\/\/achfundacja.org.pl\/wp-content\/uploads\/2020\/03\/2020-landscape-1-1.png\",\"width\":1200,\"height\":769},{\"@type\":\"WebPage\",\"@id\":\"https:\/\/achfundacja.org.pl\/#webpage\",\"url\":\"https:\/\/achfundacja.org.pl\/\",\"name\":\"Fundacja ACH! U\\u017cywaj wiedzy, \\u017cyj dobrze - fundacja Ach!\",\"isPartOf\":{\"@id\":\"https:\/\/achfundacja.org.pl\/#website\"},\"primaryImageOfPage\":{\"@id\":\"https:\/\/achfundacja.org.pl\/#primaryimage\"},\"datePublished\":\"2020-03-20T21:28:45+00:00\",\"dateModified\":\"2022-04-14T16:20:16+00:00\",\"description\":\"Fundacja Ach! u\\u017cywaj wiedzy i \\u017cyj lepiej. Zale\\u017cy nam na podnoszeniu dobrostanu i polepszaniu \\u017cycia Polak\\u00f3w w przestrzeni wsp\\u00f3lnej.\",\"inLanguage\":\"pl-PL\",\"potentialAction\":[{\"@type\":\"ReadAction\",\"target\":[\"https:\/\/achfundacja.org.pl\/\"]}]}]}<\/script>\n<!-- \/ Yoast SEO plugin. -->","_links":{"self":[{"href":"https:\/\/achfundacja.org.pl\/index.php?rest_route=\/wp\/v2\/pages\/14"}],"collection":[{"href":"https:\/\/achfundacja.org.pl\/index.php?rest_route=\/wp\/v2\/pages"}],"about":[{"href":"https:\/\/achfundacja.org.pl\/index.php?rest_route=\/wp\/v2\/types\/page"}],"author":[{"embeddable":true,"href":"https:\/\/achfundacja.org.pl\/index.php?rest_route=\/wp\/v2\/users\/1"}],"replies":[{"embeddable":true,"href":"https:\/\/achfundacja.org.pl\/index.php?rest_route=%2Fwp%2Fv2%2Fcomments&post=14"}],"version-history":[{"count":19,"href":"https:\/\/achfundacja.org.pl\/index.php?rest_route=\/wp\/v2\/pages\/14\/revisions"}],"predecessor-version":[{"id":352,"href":"https:\/\/achfundacja.org.pl\/index.php?rest_route=\/wp\/v2\/pages\/14\/revisions\/352"}],"wp:featuredmedia":[{"embeddable":true,"href":"https:\/\/achfundacja.org.pl\/index.php?rest_route=\/wp\/v2\/media\/13"}],"wp:attachment":[{"href":"https:\/\/achfundacja.org.pl\/index.php?rest_route=%2Fwp%2Fv2%2Fmedia&parent=14"}],"curies":[{"name":"wp","href":"https:\/\/api.w.org\/{rel}","templated":true}]}}